{"id":8464,"date":"2022-04-18T13:17:59","date_gmt":"2022-04-18T10:17:59","guid":{"rendered":"http:\/\/pro.prosogutma.com\/?page_id=8464"},"modified":"2022-05-09T17:27:42","modified_gmt":"2022-05-09T14:27:42","slug":"referanslar","status":"publish","type":"page","link":"http:\/\/pro.prosogutma.com\/index.php\/referanslar\/","title":{"rendered":"Referanslar"},"content":{"rendered":"\t\t<div data-elementor-type=\"wp-page\" data-elementor-id=\"8464\" class=\"elementor elementor-8464\">\n\t\t\t\t\t\t\t\t\t<section class=\"elementor-section elementor-top-section elementor-element elementor-element-a63a02a elementor-section-boxed elementor-section-height-default elementor-section-height-default wd-section-disabled\" data-id=\"a63a02a\" data-element_type=\"section\">\n\t\t\t\t\t\t<div class=\"elementor-container elementor-column-gap-default\">\n\t\t\t\t\t<div class=\"elementor-column elementor-col-100 elementor-top-column elementor-element elementor-element-0b0f21b\" data-id=\"0b0f21b\" data-element_type=\"column\">\n\t\t\t<div class=\"elementor-widget-wrap elementor-element-populated\">\n\t\t\t\t\t\t\t\t<div class=\"elementor-element elementor-element-9acd5d4 elementor-widget elementor-widget-image\" data-id=\"9acd5d4\" data-element_type=\"widget\" data-widget_type=\"image.default\">\n\t\t\t\t<div class=\"elementor-widget-container\">\n\t\t\t<style>\/*! elementor - v3.6.5 - 27-04-2022 *\/\n.elementor-widget-image{text-align:center}.elementor-widget-image a{display:inline-block}.elementor-widget-image a img[src$=\".svg\"]{width:48px}.elementor-widget-image img{vertical-align:middle;display:inline-block}<\/style>\t\t\t\t\t\t\t\t\t\t\t\t<img loading=\"lazy\" decoding=\"async\" width=\"1300\" height=\"598\" src=\"http:\/\/pro.prosogutma.com\/wp-content\/uploads\/2022\/04\/banners-proso-1300x598.jpg\" class=\"attachment-large size-large\" alt=\"\" srcset=\"http:\/\/pro.prosogutma.com\/wp-content\/uploads\/2022\/04\/banners-proso-1300x598.jpg 1300w, http:\/\/pro.prosogutma.com\/wp-content\/uploads\/2022\/04\/banners-proso-400x184.jpg 400w, http:\/\/pro.prosogutma.com\/wp-content\/uploads\/2022\/04\/banners-proso-768x353.jpg 768w, http:\/\/pro.prosogutma.com\/wp-content\/uploads\/2022\/04\/banners-proso-1536x706.jpg 1536w, http:\/\/pro.prosogutma.com\/wp-content\/uploads\/2022\/04\/banners-proso-860x396.jpg 860w, http:\/\/pro.prosogutma.com\/wp-content\/uploads\/2022\/04\/banners-proso-430x198.jpg 430w, http:\/\/pro.prosogutma.com\/wp-content\/uploads\/2022\/04\/banners-proso-700x322.jpg 700w, http:\/\/pro.prosogutma.com\/wp-content\/uploads\/2022\/04\/banners-proso-150x69.jpg 150w, http:\/\/pro.prosogutma.com\/wp-content\/uploads\/2022\/04\/banners-proso.jpg 1598w\" sizes=\"auto, (max-width: 1300px) 100vw, 1300px\" \/>\t\t\t\t\t\t\t\t\t\t\t\t\t\t\t<\/div>\n\t\t\t\t<\/div>\n\t\t\t\t\t<\/div>\n\t\t<\/div>\n\t\t\t\t\t\t\t<\/div>\n\t\t<\/section>\n\t\t\t\t<section class=\"elementor-section elementor-top-section elementor-element elementor-element-bfe8177 elementor-section-boxed elementor-section-height-default elementor-section-height-default wd-section-disabled\" data-id=\"bfe8177\" data-element_type=\"section\">\n\t\t\t\t\t\t<div class=\"elementor-container elementor-column-gap-default\">\n\t\t\t\t\t<div class=\"elementor-column elementor-col-100 elementor-top-column elementor-element elementor-element-ae2d01d\" data-id=\"ae2d01d\" data-element_type=\"column\">\n\t\t\t<div class=\"elementor-widget-wrap elementor-element-populated\">\n\t\t\t\t\t\t\t\t<div class=\"elementor-element elementor-element-2b091d4 elementor-widget elementor-widget-wd_text_block\" data-id=\"2b091d4\" data-element_type=\"widget\" data-widget_type=\"wd_text_block.default\">\n\t\t\t\t<div class=\"elementor-widget-container\">\n\t\t\t\t\t<div class=\"wd-text-block reset-last-child text-left\">\n\t\t\t\n\t\t\t<strong><a href=\"http:\/\/pro.prosogutma.com\/index.php\/project-cat\/market\/\">Market<\/a><\/strong>\n<strong>&nbsp;&nbsp;&nbsp;<a href=\"http:\/\/pro.prosogutma.com\/index.php\/project-cat\/benzin-istasyonu\/\">Benzin \u0130stasyonlar\u0131<\/a>&nbsp;&nbsp;&nbsp;<\/strong>\n<strong><a href=\"http:\/\/pro.prosogutma.com\/index.php\/project-cat\/ozel-konsept\/\">\u00d6zel Konsept<\/a><\/strong>\n\t\t\t\t\t<\/div>\n\t\t\t\t<\/div>\n\t\t\t\t<\/div>\n\t\t\t\t\t<\/div>\n\t\t<\/div>\n\t\t\t\t\t\t\t<\/div>\n\t\t<\/section>\n\t\t\t\t<section class=\"elementor-section elementor-top-section elementor-element elementor-element-e31671c elementor-section-boxed elementor-section-height-default elementor-section-height-default wd-section-disabled\" data-id=\"e31671c\" data-element_type=\"section\">\n\t\t\t\t\t\t<div class=\"elementor-container elementor-column-gap-default\">\n\t\t\t\t\t<div class=\"elementor-column elementor-col-100 elementor-top-column elementor-element elementor-element-9783f5c\" data-id=\"9783f5c\" data-element_type=\"column\">\n\t\t\t<div class=\"elementor-widget-wrap elementor-element-populated\">\n\t\t\t\t\t\t\t\t<div class=\"elementor-element elementor-element-8754298 a4g elementor-widget elementor-widget-image\" data-id=\"8754298\" data-element_type=\"widget\" data-settings=\"{&quot;_animation&quot;:&quot;none&quot;}\" data-widget_type=\"image.default\">\n\t\t\t\t<div class=\"elementor-widget-container\">\n\t\t\t\t\t\t\t\t\t\t\t\t\t\t\t<img loading=\"lazy\" decoding=\"async\" width=\"1149\" height=\"826\" src=\"http:\/\/pro.prosogutma.com\/wp-content\/uploads\/2022\/04\/proso-iletisim.png\" class=\"elementor-animation-float attachment-full size-full\" alt=\"\" srcset=\"http:\/\/pro.prosogutma.com\/wp-content\/uploads\/2022\/04\/proso-iletisim.png 1149w, http:\/\/pro.prosogutma.com\/wp-content\/uploads\/2022\/04\/proso-iletisim-400x288.png 400w, http:\/\/pro.prosogutma.com\/wp-content\/uploads\/2022\/04\/proso-iletisim-1113x800.png 1113w, http:\/\/pro.prosogutma.com\/wp-content\/uploads\/2022\/04\/proso-iletisim-768x552.png 768w, http:\/\/pro.prosogutma.com\/wp-content\/uploads\/2022\/04\/proso-iletisim-860x618.png 860w, http:\/\/pro.prosogutma.com\/wp-content\/uploads\/2022\/04\/proso-iletisim-430x309.png 430w, http:\/\/pro.prosogutma.com\/wp-content\/uploads\/2022\/04\/proso-iletisim-700x503.png 700w, http:\/\/pro.prosogutma.com\/wp-content\/uploads\/2022\/04\/proso-iletisim-150x108.png 150w\" sizes=\"auto, (max-width: 1149px) 100vw, 1149px\" \/>\t\t\t\t\t\t\t\t\t\t\t\t\t\t\t<\/div>\n\t\t\t\t<\/div>\n\t\t\t\t<div class=\"elementor-element elementor-element-196b3c5 text-right color-scheme-inherit elementor-widget elementor-widget-text-editor\" data-id=\"196b3c5\" data-element_type=\"widget\" data-widget_type=\"text-editor.default\">\n\t\t\t\t<div class=\"elementor-widget-container\">\n\t\t\t<style>\/*! elementor - v3.6.5 - 27-04-2022 *\/\n.elementor-widget-text-editor.elementor-drop-cap-view-stacked .elementor-drop-cap{background-color:#818a91;color:#fff}.elementor-widget-text-editor.elementor-drop-cap-view-framed .elementor-drop-cap{color:#818a91;border:3px solid;background-color:transparent}.elementor-widget-text-editor:not(.elementor-drop-cap-view-default) .elementor-drop-cap{margin-top:8px}.elementor-widget-text-editor:not(.elementor-drop-cap-view-default) .elementor-drop-cap-letter{width:1em;height:1em}.elementor-widget-text-editor .elementor-drop-cap{float:left;text-align:center;line-height:1;font-size:50px}.elementor-widget-text-editor .elementor-drop-cap-letter{display:inline-block}<\/style>\t\t\t\t<p>STOK PROJE FOTO\u011eRAFI<br \/>\u0130STANBUL<\/p>\t\t\t\t\t\t<\/div>\n\t\t\t\t<\/div>\n\t\t\t\t\t<\/div>\n\t\t<\/div>\n\t\t\t\t\t\t\t<\/div>\n\t\t<\/section>\n\t\t\t\t<section class=\"elementor-section elementor-top-section elementor-element elementor-element-36ec908 elementor-section-boxed elementor-section-height-default elementor-section-height-default wd-section-disabled\" data-id=\"36ec908\" data-element_type=\"section\">\n\t\t\t\t\t\t<div class=\"elementor-container elementor-column-gap-default\">\n\t\t\t\t\t<div class=\"elementor-column elementor-col-50 elementor-top-column elementor-element elementor-element-94f59a6\" data-id=\"94f59a6\" data-element_type=\"column\">\n\t\t\t<div class=\"elementor-widget-wrap elementor-element-populated\">\n\t\t\t\t\t\t\t\t<div class=\"elementor-element elementor-element-7dd2782 elementor-widget elementor-widget-image\" data-id=\"7dd2782\" data-element_type=\"widget\" data-widget_type=\"image.default\">\n\t\t\t\t<div class=\"elementor-widget-container\">\n\t\t\t\t\t\t\t\t\t\t\t\t\t\t\t<img loading=\"lazy\" decoding=\"async\" width=\"600\" height=\"600\" src=\"http:\/\/pro.prosogutma.com\/wp-content\/uploads\/2021\/10\/post-example-2-image-22.jpg\" class=\"elementor-animation-float attachment-large size-large\" alt=\"\" srcset=\"http:\/\/pro.prosogutma.com\/wp-content\/uploads\/2021\/10\/post-example-2-image-22.jpg 600w, http:\/\/pro.prosogutma.com\/wp-content\/uploads\/2021\/10\/post-example-2-image-22-430x430.jpg 430w, http:\/\/pro.prosogutma.com\/wp-content\/uploads\/2021\/10\/post-example-2-image-22-150x150.jpg 150w\" sizes=\"auto, (max-width: 600px) 100vw, 600px\" \/>\t\t\t\t\t\t\t\t\t\t\t\t\t\t\t<\/div>\n\t\t\t\t<\/div>\n\t\t\t\t<div class=\"elementor-element elementor-element-8f1b408 text-right color-scheme-inherit elementor-widget elementor-widget-text-editor\" data-id=\"8f1b408\" data-element_type=\"widget\" data-widget_type=\"text-editor.default\">\n\t\t\t\t<div class=\"elementor-widget-container\">\n\t\t\t\t\t\t\t<p>STOK PROJE FOTO\u011eRAFI<br \/>\u0130STANBUL<\/p>\t\t\t\t\t\t<\/div>\n\t\t\t\t<\/div>\n\t\t\t\t\t<\/div>\n\t\t<\/div>\n\t\t\t\t<div class=\"elementor-column elementor-col-50 elementor-top-column elementor-element elementor-element-9678586\" data-id=\"9678586\" data-element_type=\"column\">\n\t\t\t<div class=\"elementor-widget-wrap elementor-element-populated\">\n\t\t\t\t\t\t\t\t<div class=\"elementor-element elementor-element-6c0549c elementor-widget elementor-widget-image\" data-id=\"6c0549c\" data-element_type=\"widget\" data-widget_type=\"image.default\">\n\t\t\t\t<div class=\"elementor-widget-container\">\n\t\t\t\t\t\t\t\t\t\t\t\t\t\t\t<img loading=\"lazy\" decoding=\"async\" width=\"600\" height=\"600\" src=\"http:\/\/pro.prosogutma.com\/wp-content\/uploads\/2021\/10\/post-example-2-image-20.jpg\" class=\"elementor-animation-float attachment-large size-large\" alt=\"\" srcset=\"http:\/\/pro.prosogutma.com\/wp-content\/uploads\/2021\/10\/post-example-2-image-20.jpg 600w, http:\/\/pro.prosogutma.com\/wp-content\/uploads\/2021\/10\/post-example-2-image-20-430x430.jpg 430w, http:\/\/pro.prosogutma.com\/wp-content\/uploads\/2021\/10\/post-example-2-image-20-150x150.jpg 150w\" sizes=\"auto, (max-width: 600px) 100vw, 600px\" \/>\t\t\t\t\t\t\t\t\t\t\t\t\t\t\t<\/div>\n\t\t\t\t<\/div>\n\t\t\t\t<div class=\"elementor-element elementor-element-882b489 text-right color-scheme-inherit elementor-widget elementor-widget-text-editor\" data-id=\"882b489\" data-element_type=\"widget\" data-widget_type=\"text-editor.default\">\n\t\t\t\t<div class=\"elementor-widget-container\">\n\t\t\t\t\t\t\t<p>STOK PROJE FOTO\u011eRAFI<br \/>\u0130STANBUL<\/p>\t\t\t\t\t\t<\/div>\n\t\t\t\t<\/div>\n\t\t\t\t\t<\/div>\n\t\t<\/div>\n\t\t\t\t\t\t\t<\/div>\n\t\t<\/section>\n\t\t\t\t<section class=\"elementor-section elementor-top-section elementor-element elementor-element-b82facb elementor-section-boxed elementor-section-height-default elementor-section-height-default wd-section-disabled\" data-id=\"b82facb\" data-element_type=\"section\">\n\t\t\t\t\t\t<div class=\"elementor-container elementor-column-gap-default\">\n\t\t\t\t\t<div class=\"elementor-column elementor-col-100 elementor-top-column elementor-element elementor-element-ebed7d6\" data-id=\"ebed7d6\" data-element_type=\"column\">\n\t\t\t<div class=\"elementor-widget-wrap elementor-element-populated\">\n\t\t\t\t\t\t\t\t<div class=\"elementor-element elementor-element-56deb80 a4g elementor-widget elementor-widget-image\" data-id=\"56deb80\" data-element_type=\"widget\" data-settings=\"{&quot;_animation&quot;:&quot;none&quot;}\" data-widget_type=\"image.default\">\n\t\t\t\t<div class=\"elementor-widget-container\">\n\t\t\t\t\t\t\t\t\t\t\t\t\t\t\t<img loading=\"lazy\" decoding=\"async\" width=\"1149\" height=\"826\" src=\"http:\/\/pro.prosogutma.com\/wp-content\/uploads\/2022\/04\/proso-iletisim.png\" class=\"elementor-animation-float attachment-full size-full\" alt=\"\" srcset=\"http:\/\/pro.prosogutma.com\/wp-content\/uploads\/2022\/04\/proso-iletisim.png 1149w, http:\/\/pro.prosogutma.com\/wp-content\/uploads\/2022\/04\/proso-iletisim-400x288.png 400w, http:\/\/pro.prosogutma.com\/wp-content\/uploads\/2022\/04\/proso-iletisim-1113x800.png 1113w, http:\/\/pro.prosogutma.com\/wp-content\/uploads\/2022\/04\/proso-iletisim-768x552.png 768w, http:\/\/pro.prosogutma.com\/wp-content\/uploads\/2022\/04\/proso-iletisim-860x618.png 860w, http:\/\/pro.prosogutma.com\/wp-content\/uploads\/2022\/04\/proso-iletisim-430x309.png 430w, http:\/\/pro.prosogutma.com\/wp-content\/uploads\/2022\/04\/proso-iletisim-700x503.png 700w, http:\/\/pro.prosogutma.com\/wp-content\/uploads\/2022\/04\/proso-iletisim-150x108.png 150w\" sizes=\"auto, (max-width: 1149px) 100vw, 1149px\" \/>\t\t\t\t\t\t\t\t\t\t\t\t\t\t\t<\/div>\n\t\t\t\t<\/div>\n\t\t\t\t<div class=\"elementor-element elementor-element-0cc6c36 text-right color-scheme-inherit elementor-widget elementor-widget-text-editor\" data-id=\"0cc6c36\" data-element_type=\"widget\" data-widget_type=\"text-editor.default\">\n\t\t\t\t<div class=\"elementor-widget-container\">\n\t\t\t\t\t\t\t<p>STOK PROJE FOTO\u011eRAFI<br \/>\u0130STANBUL<\/p>\t\t\t\t\t\t<\/div>\n\t\t\t\t<\/div>\n\t\t\t\t\t<\/div>\n\t\t<\/div>\n\t\t\t\t\t\t\t<\/div>\n\t\t<\/section>\n\t\t\t\t<section class=\"elementor-section elementor-top-section elementor-element elementor-element-bdac498 elementor-section-boxed elementor-section-height-default elementor-section-height-default wd-section-disabled\" data-id=\"bdac498\" data-element_type=\"section\">\n\t\t\t\t\t\t<div class=\"elementor-container elementor-column-gap-default\">\n\t\t\t\t\t<div class=\"elementor-column elementor-col-50 elementor-top-column elementor-element elementor-element-3a77e67\" data-id=\"3a77e67\" data-element_type=\"column\">\n\t\t\t<div class=\"elementor-widget-wrap elementor-element-populated\">\n\t\t\t\t\t\t\t\t<div class=\"elementor-element elementor-element-afc51b2 elementor-widget elementor-widget-image\" data-id=\"afc51b2\" data-element_type=\"widget\" data-widget_type=\"image.default\">\n\t\t\t\t<div class=\"elementor-widget-container\">\n\t\t\t\t\t\t\t\t\t\t\t\t\t\t\t<img loading=\"lazy\" decoding=\"async\" width=\"600\" height=\"600\" src=\"http:\/\/pro.prosogutma.com\/wp-content\/uploads\/2021\/10\/post-example-2-image-22.jpg\" class=\"elementor-animation-float attachment-large size-large\" alt=\"\" srcset=\"http:\/\/pro.prosogutma.com\/wp-content\/uploads\/2021\/10\/post-example-2-image-22.jpg 600w, http:\/\/pro.prosogutma.com\/wp-content\/uploads\/2021\/10\/post-example-2-image-22-430x430.jpg 430w, http:\/\/pro.prosogutma.com\/wp-content\/uploads\/2021\/10\/post-example-2-image-22-150x150.jpg 150w\" sizes=\"auto, (max-width: 600px) 100vw, 600px\" \/>\t\t\t\t\t\t\t\t\t\t\t\t\t\t\t<\/div>\n\t\t\t\t<\/div>\n\t\t\t\t<div class=\"elementor-element elementor-element-e52879a text-right color-scheme-inherit elementor-widget elementor-widget-text-editor\" data-id=\"e52879a\" data-element_type=\"widget\" data-widget_type=\"text-editor.default\">\n\t\t\t\t<div class=\"elementor-widget-container\">\n\t\t\t\t\t\t\t<p>STOK PROJE FOTO\u011eRAFI<br \/>\u0130STANBUL<\/p>\t\t\t\t\t\t<\/div>\n\t\t\t\t<\/div>\n\t\t\t\t\t<\/div>\n\t\t<\/div>\n\t\t\t\t<div class=\"elementor-column elementor-col-50 elementor-top-column elementor-element elementor-element-e891c14\" data-id=\"e891c14\" data-element_type=\"column\">\n\t\t\t<div class=\"elementor-widget-wrap elementor-element-populated\">\n\t\t\t\t\t\t\t\t<div class=\"elementor-element elementor-element-107a063 elementor-widget elementor-widget-image\" data-id=\"107a063\" data-element_type=\"widget\" data-widget_type=\"image.default\">\n\t\t\t\t<div class=\"elementor-widget-container\">\n\t\t\t\t\t\t\t\t\t\t\t\t\t\t\t<img loading=\"lazy\" decoding=\"async\" width=\"600\" height=\"600\" src=\"http:\/\/pro.prosogutma.com\/wp-content\/uploads\/2021\/10\/post-example-2-image-20.jpg\" class=\"elementor-animation-float attachment-large size-large\" alt=\"\" srcset=\"http:\/\/pro.prosogutma.com\/wp-content\/uploads\/2021\/10\/post-example-2-image-20.jpg 600w, http:\/\/pro.prosogutma.com\/wp-content\/uploads\/2021\/10\/post-example-2-image-20-430x430.jpg 430w, http:\/\/pro.prosogutma.com\/wp-content\/uploads\/2021\/10\/post-example-2-image-20-150x150.jpg 150w\" sizes=\"auto, (max-width: 600px) 100vw, 600px\" \/>\t\t\t\t\t\t\t\t\t\t\t\t\t\t\t<\/div>\n\t\t\t\t<\/div>\n\t\t\t\t<div class=\"elementor-element elementor-element-915e86d text-right color-scheme-inherit elementor-widget elementor-widget-text-editor\" data-id=\"915e86d\" data-element_type=\"widget\" data-widget_type=\"text-editor.default\">\n\t\t\t\t<div class=\"elementor-widget-container\">\n\t\t\t\t\t\t\t<p>STOK PROJE FOTO\u011eRAFI<br \/>\u0130STANBUL<\/p>\t\t\t\t\t\t<\/div>\n\t\t\t\t<\/div>\n\t\t\t\t\t<\/div>\n\t\t<\/div>\n\t\t\t\t\t\t\t<\/div>\n\t\t<\/section>\n\t\t\t\t\t\t\t<\/div>\n\t\t","protected":false},"excerpt":{"rendered":"<p>Market &nbsp;&nbsp;&nbsp;Benzin \u0130stasyonlar\u0131&nbsp;&nbsp;&nbsp; \u00d6zel Konsept STOK PROJE FOTO\u011eRAFI\u0130STANBUL STOK PROJE FOTO\u011eRAFI\u0130STANBUL STOK PROJE FOTO\u011eRAFI\u0130STANBUL STOK PROJE FOTO\u011eRAFI\u0130STANBUL STOK PROJE FOTO\u011eRAFI\u0130STANBUL<\/p>\n","protected":false},"author":1,"featured_media":0,"parent":0,"menu_order":0,"comment_status":"closed","ping_status":"closed","template":"","meta":{"footnotes":""},"class_list":["post-8464","page","type-page","status-publish","hentry"],"_links":{"self":[{"href":"http:\/\/pro.prosogutma.com\/index.php\/wp-json\/wp\/v2\/pages\/8464","targetHints":{"allow":["GET"]}}],"collection":[{"href":"http:\/\/pro.prosogutma.com\/index.php\/wp-json\/wp\/v2\/pages"}],"about":[{"href":"http:\/\/pro.prosogutma.com\/index.php\/wp-json\/wp\/v2\/types\/page"}],"author":[{"embeddable":true,"href":"http:\/\/pro.prosogutma.com\/index.php\/wp-json\/wp\/v2\/users\/1"}],"replies":[{"embeddable":true,"href":"http:\/\/pro.prosogutma.com\/index.php\/wp-json\/wp\/v2\/comments?post=8464"}],"version-history":[{"count":43,"href":"http:\/\/pro.prosogutma.com\/index.php\/wp-json\/wp\/v2\/pages\/8464\/revisions"}],"predecessor-version":[{"id":8755,"href":"http:\/\/pro.prosogutma.com\/index.php\/wp-json\/wp\/v2\/pages\/8464\/revisions\/8755"}],"wp:attachment":[{"href":"http:\/\/pro.prosogutma.com\/index.php\/wp-json\/wp\/v2\/media?parent=8464"}],"curies":[{"name":"wp","href":"https:\/\/api.w.org\/{rel}","templated":true}]}}