{"id":8468,"date":"2022-04-18T13:23:31","date_gmt":"2022-04-18T10:23:31","guid":{"rendered":"http:\/\/pro.prosogutma.com\/?page_id=8468"},"modified":"2022-05-09T17:33:52","modified_gmt":"2022-05-09T14:33:52","slug":"hakkimizda","status":"publish","type":"page","link":"http:\/\/pro.prosogutma.com\/index.php\/hakkimizda\/","title":{"rendered":"Hakk\u0131m\u0131zda"},"content":{"rendered":"\t\t<div data-elementor-type=\"wp-page\" data-elementor-id=\"8468\" class=\"elementor elementor-8468\">\n\t\t\t\t\t\t\t\t\t<section class=\"elementor-section elementor-top-section elementor-element elementor-element-6af70f2 elementor-section-boxed elementor-section-height-default elementor-section-height-default wd-section-disabled\" data-id=\"6af70f2\" data-element_type=\"section\">\n\t\t\t\t\t\t<div class=\"elementor-container elementor-column-gap-default\">\n\t\t\t\t\t<div class=\"elementor-column elementor-col-100 elementor-top-column elementor-element elementor-element-a0a89e2\" data-id=\"a0a89e2\" data-element_type=\"column\">\n\t\t\t<div class=\"elementor-widget-wrap elementor-element-populated\">\n\t\t\t\t\t\t\t\t<div class=\"elementor-element elementor-element-650ae61 elementor-widget elementor-widget-spacer\" data-id=\"650ae61\" data-element_type=\"widget\" data-widget_type=\"spacer.default\">\n\t\t\t\t<div class=\"elementor-widget-container\">\n\t\t\t<style>\/*! elementor - v3.6.5 - 27-04-2022 *\/\n.e-container.e-container--row .elementor-spacer-inner{width:var(--spacer-size)}.e-container.e-container--column .elementor-spacer-inner,.elementor-column .elementor-spacer-inner{height:var(--spacer-size)}<\/style>\t\t<div class=\"elementor-spacer\">\n\t\t\t<div class=\"elementor-spacer-inner\"><\/div>\n\t\t<\/div>\n\t\t\t\t<\/div>\n\t\t\t\t<\/div>\n\t\t\t\t\t<\/div>\n\t\t<\/div>\n\t\t\t\t\t\t\t<\/div>\n\t\t<\/section>\n\t\t\t\t<section class=\"elementor-section elementor-top-section elementor-element elementor-element-8dcd40a elementor-section-boxed elementor-section-height-default elementor-section-height-default wd-section-disabled\" data-id=\"8dcd40a\" data-element_type=\"section\">\n\t\t\t\t\t\t<div class=\"elementor-container elementor-column-gap-default\">\n\t\t\t\t\t<div class=\"elementor-column elementor-col-50 elementor-top-column elementor-element elementor-element-b869c8a\" data-id=\"b869c8a\" data-element_type=\"column\">\n\t\t\t<div class=\"elementor-widget-wrap elementor-element-populated\">\n\t\t\t\t\t\t\t\t<div class=\"elementor-element elementor-element-b101ccd elementor-widget elementor-widget-heading\" data-id=\"b101ccd\" data-element_type=\"widget\" data-widget_type=\"heading.default\">\n\t\t\t\t<div class=\"elementor-widget-container\">\n\t\t\t<style>\/*! elementor - v3.6.5 - 27-04-2022 *\/\n.elementor-heading-title{padding:0;margin:0;line-height:1}.elementor-widget-heading .elementor-heading-title[class*=elementor-size-]>a{color:inherit;font-size:inherit;line-height:inherit}.elementor-widget-heading .elementor-heading-title.elementor-size-small{font-size:15px}.elementor-widget-heading .elementor-heading-title.elementor-size-medium{font-size:19px}.elementor-widget-heading .elementor-heading-title.elementor-size-large{font-size:29px}.elementor-widget-heading .elementor-heading-title.elementor-size-xl{font-size:39px}.elementor-widget-heading .elementor-heading-title.elementor-size-xxl{font-size:59px}<\/style><h2 class=\"elementor-heading-title elementor-size-default\">PROSO Profesyonel So\u011futma<\/h2>\t\t<\/div>\n\t\t\t\t<\/div>\n\t\t\t\t<div class=\"elementor-element elementor-element-71c409c elementor-widget elementor-widget-wd_text_block\" data-id=\"71c409c\" data-element_type=\"widget\" data-widget_type=\"wd_text_block.default\">\n\t\t\t\t<div class=\"elementor-widget-container\">\n\t\t\t\t\t<div class=\"wd-text-block reset-last-child text-left color-scheme-dark\">\n\t\t\t\n\t\t\t<p>1995 y\u0131l\u0131ndan bu yana farkl\u0131 \u015firketler ad\u0131 alt\u0131nda sahip oldu\u011fu tecr\u00fcbe ve bilgi birikimini kullanarak, proje \u00f6ncesi e\u011fitim, dan\u0131\u015fmanl\u0131k hizmeti,<br \/>sistem tasar\u0131m\u0131 ve \u00fcretimi, cihaz-teknoloji se\u00e7imi ve enerji tasarrufu konular\u0131nda so\u011fuk hava depolar\u0131, so\u011futucu reyon ve ekipmanlar\u0131 ve so\u011futma sistemleri uygulamalar\u0131na<br \/>y\u00f6nelik entegre sistem projeleri sunulmas\u0131nda \u201c\u00c7\u00f6z\u00fcm Orta\u011f\u0131n\u0131z\u201d olarak faaliyet g\u00f6stermektedir.<\/p>\n\t\t\t\t\t<\/div>\n\t\t\t\t<\/div>\n\t\t\t\t<\/div>\n\t\t\t\t\t<\/div>\n\t\t<\/div>\n\t\t\t\t<div class=\"elementor-column elementor-col-50 elementor-top-column elementor-element elementor-element-1e3dbe5\" data-id=\"1e3dbe5\" data-element_type=\"column\">\n\t\t\t<div class=\"elementor-widget-wrap elementor-element-populated\">\n\t\t\t\t\t\t\t\t<div class=\"elementor-element elementor-element-2f5f277 elementor-widget elementor-widget-heading\" data-id=\"2f5f277\" data-element_type=\"widget\" data-widget_type=\"heading.default\">\n\t\t\t\t<div class=\"elementor-widget-container\">\n\t\t\t<h2 class=\"elementor-heading-title elementor-size-default\">\u00c7al\u0131\u015fma Prensibimiz<\/h2>\t\t<\/div>\n\t\t\t\t<\/div>\n\t\t\t\t<div class=\"elementor-element elementor-element-a4b3ed8 elementor-widget elementor-widget-wd_text_block\" data-id=\"a4b3ed8\" data-element_type=\"widget\" data-widget_type=\"wd_text_block.default\">\n\t\t\t\t<div class=\"elementor-widget-container\">\n\t\t\t\t\t<div class=\"wd-text-block reset-last-child text-left\">\n\t\t\t\n\t\t\t<ul><li>Ayr\u0131ca, 100 % m\u00fc\u015fteri memnuniyetini g\u00f6zeterek servis, bak\u0131m, montaj, tadilat, ve yedek par\u00e7a temini hizmetlerini de beraberinde sunmaktad\u0131r.<\/li><li>S\u00fcrekli geli\u015fen teknolojiler do\u011frultusunda Proso Profesyonel So\u011futma yeni gereksinimlere g\u00f6re so\u011futma sekt\u00f6r\u00fcndeki en son yenilikleri takip etmekte ve uygulamaya<br \/>y\u00f6nelik \u00e7al\u0131\u015fmalar\u0131n\u0131 s\u00fcrd\u00fcrmektedir.<\/li><li>Firma politikam\u0131z, \u00fcr\u00fcn satman\u0131n \u00f6tesinde, gereksinimlere en iyi yan\u0131t\u0131 veren \u00e7\u00f6z\u00fcmleri en uygun maliyetle \u201canahtar teslim\u201d projeler halinde m\u00fc\u015fterilerine sunmakt\u0131r.<\/li><li>Proje \u00f6ncesi ve sonras\u0131nda m\u00fc\u015fterilerine \u00fcst\u00fcn kaliteli \u00fcr\u00fcnler ve m\u00fckemmele yak\u0131n hizmet sunulmas\u0131 Proso Profesyonel So\u011futma\u2019n\u0131n vazge\u00e7ilmez ilkesidir.<\/li><li>Hedefimiz, standartlara uygun \u00fcretim ve \u00fcr\u00fcnlerimizi, ileri hizmet anlay\u0131\u015f\u0131 ile en iyi \u015fekilde b\u00fct\u00fcnle\u015ftiren ve m\u00fc\u015fteriyle bulu\u015fturan referans firma olarak tan\u0131nmakt\u0131r<\/li><\/ul>\n\t\t\t\t\t<\/div>\n\t\t\t\t<\/div>\n\t\t\t\t<\/div>\n\t\t\t\t\t<\/div>\n\t\t<\/div>\n\t\t\t\t\t\t\t<\/div>\n\t\t<\/section>\n\t\t\t\t\t\t\t<\/div>\n\t\t","protected":false},"excerpt":{"rendered":"<p>PROSO Profesyonel So\u011futma 1995 y\u0131l\u0131ndan bu yana farkl\u0131 \u015firketler ad\u0131 alt\u0131nda sahip oldu\u011fu tecr\u00fcbe ve bilgi birikimini kullanarak, proje \u00f6ncesi<\/p>\n","protected":false},"author":1,"featured_media":0,"parent":0,"menu_order":0,"comment_status":"closed","ping_status":"closed","template":"","meta":{"footnotes":""},"class_list":["post-8468","page","type-page","status-publish","hentry"],"_links":{"self":[{"href":"http:\/\/pro.prosogutma.com\/index.php\/wp-json\/wp\/v2\/pages\/8468","targetHints":{"allow":["GET"]}}],"collection":[{"href":"http:\/\/pro.prosogutma.com\/index.php\/wp-json\/wp\/v2\/pages"}],"about":[{"href":"http:\/\/pro.prosogutma.com\/index.php\/wp-json\/wp\/v2\/types\/page"}],"author":[{"embeddable":true,"href":"http:\/\/pro.prosogutma.com\/index.php\/wp-json\/wp\/v2\/users\/1"}],"replies":[{"embeddable":true,"href":"http:\/\/pro.prosogutma.com\/index.php\/wp-json\/wp\/v2\/comments?post=8468"}],"version-history":[{"count":15,"href":"http:\/\/pro.prosogutma.com\/index.php\/wp-json\/wp\/v2\/pages\/8468\/revisions"}],"predecessor-version":[{"id":8759,"href":"http:\/\/pro.prosogutma.com\/index.php\/wp-json\/wp\/v2\/pages\/8468\/revisions\/8759"}],"wp:attachment":[{"href":"http:\/\/pro.prosogutma.com\/index.php\/wp-json\/wp\/v2\/media?parent=8468"}],"curies":[{"name":"wp","href":"https:\/\/api.w.org\/{rel}","templated":true}]}}