{"id":8768,"date":"2022-05-09T17:40:17","date_gmt":"2022-05-09T14:40:17","guid":{"rendered":"http:\/\/pro.prosogutma.com\/?page_id=8768"},"modified":"2022-05-09T17:53:25","modified_gmt":"2022-05-09T14:53:25","slug":"urunler","status":"publish","type":"page","link":"http:\/\/pro.prosogutma.com\/index.php\/urunler\/","title":{"rendered":"\u00dcr\u00fcnler"},"content":{"rendered":"\t\t<div data-elementor-type=\"wp-page\" data-elementor-id=\"8768\" class=\"elementor elementor-8768\">\n\t\t\t\t\t\t\t\t\t<section class=\"elementor-section elementor-top-section elementor-element elementor-element-26349ba elementor-section-boxed elementor-section-height-default elementor-section-height-default wd-section-disabled\" data-id=\"26349ba\" data-element_type=\"section\">\n\t\t\t\t\t\t<div class=\"elementor-container elementor-column-gap-default\">\n\t\t\t\t\t<div class=\"elementor-column elementor-col-100 elementor-top-column elementor-element elementor-element-d42d474\" data-id=\"d42d474\" data-element_type=\"column\">\n\t\t\t<div class=\"elementor-widget-wrap elementor-element-populated\">\n\t\t\t\t\t\t\t\t<div class=\"elementor-element elementor-element-17fe979 elementor-widget elementor-widget-wd_product_categories\" data-id=\"17fe979\" data-element_type=\"widget\" data-widget_type=\"wd_product_categories.default\">\n\t\t\t\t<div class=\"elementor-widget-container\">\n\t\t\t\t\t\t\t\t\t\t\t\t\n\t\t\t\t<div class=\"categories-masonry products woocommerce columns4 categories-style-masonry row wd-spacing-20\">\n\t\t\t\t\t\t\t\t\t\t\t<div class=\" col-md-3 col-sm-4 col-6 first  category-grid-item cat-design-replace-title product-category product first\" data-loop=\"1\">\n\t<div class=\"wrapp-category\">\n\t\t<div class=\"category-image-wrapp\">\n\t\t\t<a href=\"http:\/\/pro.prosogutma.com\/index.php\/urun-kategori\/ada-tipi-dondurucular\/\" class=\"category-image\">\n\t\t\t\t\n\t\t\t\t<img loading=\"lazy\" decoding=\"async\" src=\"http:\/\/pro.prosogutma.com\/wp-content\/uploads\/2022\/04\/yatay-430x288.png\" alt=\"Ada Tipi Dondurucular\" width=\"430\" height=\"430\" \/>\t\t\t<\/a>\n\t\t<\/div>\n\t\t<div class=\"hover-mask\">\n\t\t\t<h3 class=\"wd-entities-title\">\n\t\t\t\tAda Tipi Dondurucular <mark class=\"count\">(7)<\/mark>\t\t\t<\/h3>\n\n\t\t\t\t\t\t\t<div class=\"more-products\"><a href=\"http:\/\/pro.prosogutma.com\/index.php\/urun-kategori\/ada-tipi-dondurucular\/\">7 products<\/a><\/div>\n\t\t\t\n\t\t\t\t\t<\/div>\n\n\t\t\t\t<a href=\"http:\/\/pro.prosogutma.com\/index.php\/urun-kategori\/ada-tipi-dondurucular\/\" class=\"category-link wd-fill\" aria-label=\"\u00dcr\u00fcn Kategorileri ada-tipi-dondurucular\"><\/a>\n\t\t\t<\/div>\n<\/div>\t\t\t\t\t\t\t\t\t\t\t<div class=\" col-md-3 col-sm-4 col-6 category-grid-item cat-design-replace-title product-category product\" data-loop=\"2\">\n\t<div class=\"wrapp-category\">\n\t\t<div class=\"category-image-wrapp\">\n\t\t\t<a href=\"http:\/\/pro.prosogutma.com\/index.php\/urun-kategori\/yari-dikey-sutlukler\/\" class=\"category-image\">\n\t\t\t\t\n\t\t\t\t<img loading=\"lazy\" decoding=\"async\" src=\"http:\/\/pro.prosogutma.com\/wp-content\/uploads\/2022\/04\/kat-430x287.png\" alt=\"Yar\u0131 Dikey S\u00fctl\u00fckler\" width=\"430\" height=\"430\" \/>\t\t\t<\/a>\n\t\t<\/div>\n\t\t<div class=\"hover-mask\">\n\t\t\t<h3 class=\"wd-entities-title\">\n\t\t\t\tYar\u0131 Dikey S\u00fctl\u00fckler <mark class=\"count\">(3)<\/mark>\t\t\t<\/h3>\n\n\t\t\t\t\t\t\t<div class=\"more-products\"><a href=\"http:\/\/pro.prosogutma.com\/index.php\/urun-kategori\/yari-dikey-sutlukler\/\">3 products<\/a><\/div>\n\t\t\t\n\t\t\t\t\t<\/div>\n\n\t\t\t\t<a href=\"http:\/\/pro.prosogutma.com\/index.php\/urun-kategori\/yari-dikey-sutlukler\/\" class=\"category-link wd-fill\" aria-label=\"\u00dcr\u00fcn Kategorileri yari-dikey-sutlukler\"><\/a>\n\t\t\t<\/div>\n<\/div>\t\t\t\t\t\t\t\t\t\t\t<div class=\" col-md-3 col-sm-4 col-6 category-grid-item cat-design-replace-title product-category product\" data-loop=\"3\">\n\t<div class=\"wrapp-category\">\n\t\t<div class=\"category-image-wrapp\">\n\t\t\t<a href=\"http:\/\/pro.prosogutma.com\/index.php\/urun-kategori\/sogutma-sistemleri\/\" class=\"category-image\">\n\t\t\t\t\n\t\t\t\t<img loading=\"lazy\" decoding=\"async\" src=\"http:\/\/pro.prosogutma.com\/wp-content\/uploads\/2022\/04\/coo-430x286.png\" alt=\"So\u011futma Sistemleri\" width=\"430\" height=\"430\" \/>\t\t\t<\/a>\n\t\t<\/div>\n\t\t<div class=\"hover-mask\">\n\t\t\t<h3 class=\"wd-entities-title\">\n\t\t\t\tSo\u011futma Sistemleri <mark class=\"count\">(1)<\/mark>\t\t\t<\/h3>\n\n\t\t\t\t\t\t\t<div class=\"more-products\"><a href=\"http:\/\/pro.prosogutma.com\/index.php\/urun-kategori\/sogutma-sistemleri\/\">1 product<\/a><\/div>\n\t\t\t\n\t\t\t\t\t<\/div>\n\n\t\t\t\t<a href=\"http:\/\/pro.prosogutma.com\/index.php\/urun-kategori\/sogutma-sistemleri\/\" class=\"category-link wd-fill\" aria-label=\"\u00dcr\u00fcn Kategorileri sogutma-sistemleri\"><\/a>\n\t\t\t<\/div>\n<\/div>\t\t\t\t\t\t\t\t\t\t\t<div class=\" col-md-3 col-sm-4 col-6 last  category-grid-item cat-design-replace-title product-category product last\" data-loop=\"4\">\n\t<div class=\"wrapp-category\">\n\t\t<div class=\"category-image-wrapp\">\n\t\t\t<a href=\"http:\/\/pro.prosogutma.com\/index.php\/urun-kategori\/sarkuteri-reyonlari\/\" class=\"category-image\">\n\t\t\t\t\n\t\t\t\t<img loading=\"lazy\" decoding=\"async\" src=\"http:\/\/pro.prosogutma.com\/wp-content\/uploads\/2022\/04\/tez-430x286.png\" alt=\"\u015eark\u00fcteri Reyonlar\u0131\" width=\"430\" height=\"430\" \/>\t\t\t<\/a>\n\t\t<\/div>\n\t\t<div class=\"hover-mask\">\n\t\t\t<h3 class=\"wd-entities-title\">\n\t\t\t\t\u015eark\u00fcteri Reyonlar\u0131 <mark class=\"count\">(11)<\/mark>\t\t\t<\/h3>\n\n\t\t\t\t\t\t\t<div class=\"more-products\"><a href=\"http:\/\/pro.prosogutma.com\/index.php\/urun-kategori\/sarkuteri-reyonlari\/\">11 products<\/a><\/div>\n\t\t\t\n\t\t\t\t\t<\/div>\n\n\t\t\t\t<a href=\"http:\/\/pro.prosogutma.com\/index.php\/urun-kategori\/sarkuteri-reyonlari\/\" class=\"category-link wd-fill\" aria-label=\"\u00dcr\u00fcn Kategorileri sarkuteri-reyonlari\"><\/a>\n\t\t\t<\/div>\n<\/div>\t\t\t\t\t\t\t\t\t\t\t<div class=\" col-md-3 col-sm-4 col-6 first  category-grid-item cat-design-replace-title product-category product first\" data-loop=\"5\">\n\t<div class=\"wrapp-category\">\n\t\t<div class=\"category-image-wrapp\">\n\t\t\t<a href=\"http:\/\/pro.prosogutma.com\/index.php\/urun-kategori\/plug-in-kabinler\/\" class=\"category-image\">\n\t\t\t\t\n\t\t\t\t<img loading=\"lazy\" decoding=\"async\" src=\"http:\/\/pro.prosogutma.com\/wp-content\/uploads\/2022\/04\/ek-430x286.png\" alt=\"Plug-in Kabinler\" width=\"430\" height=\"430\" \/>\t\t\t<\/a>\n\t\t<\/div>\n\t\t<div class=\"hover-mask\">\n\t\t\t<h3 class=\"wd-entities-title\">\n\t\t\t\tPlug-in Kabinler <mark class=\"count\">(16)<\/mark>\t\t\t<\/h3>\n\n\t\t\t\t\t\t\t<div class=\"more-products\"><a href=\"http:\/\/pro.prosogutma.com\/index.php\/urun-kategori\/plug-in-kabinler\/\">16 products<\/a><\/div>\n\t\t\t\n\t\t\t\t\t<\/div>\n\n\t\t\t\t<a href=\"http:\/\/pro.prosogutma.com\/index.php\/urun-kategori\/plug-in-kabinler\/\" class=\"category-link wd-fill\" aria-label=\"\u00dcr\u00fcn Kategorileri plug-in-kabinler\"><\/a>\n\t\t\t<\/div>\n<\/div>\t\t\t\t\t\t\t\t\t\t\t<div class=\" col-md-3 col-sm-4 col-6 category-grid-item cat-design-replace-title product-category product\" data-loop=\"6\">\n\t<div class=\"wrapp-category\">\n\t\t<div class=\"category-image-wrapp\">\n\t\t\t<a href=\"http:\/\/pro.prosogutma.com\/index.php\/urun-kategori\/dikey-sutlukler\/\" class=\"category-image\">\n\t\t\t\t\n\t\t\t\t<img loading=\"lazy\" decoding=\"async\" src=\"http:\/\/pro.prosogutma.com\/wp-content\/uploads\/2022\/04\/uruncategory-430x290.png\" alt=\"Dikey S\u00fctl\u00fckler\" width=\"430\" height=\"430\" \/>\t\t\t<\/a>\n\t\t<\/div>\n\t\t<div class=\"hover-mask\">\n\t\t\t<h3 class=\"wd-entities-title\">\n\t\t\t\tDikey S\u00fctl\u00fckler <mark class=\"count\">(6)<\/mark>\t\t\t<\/h3>\n\n\t\t\t\t\t\t\t<div class=\"more-products\"><a href=\"http:\/\/pro.prosogutma.com\/index.php\/urun-kategori\/dikey-sutlukler\/\">6 products<\/a><\/div>\n\t\t\t\n\t\t\t\t\t<\/div>\n\n\t\t\t\t<a href=\"http:\/\/pro.prosogutma.com\/index.php\/urun-kategori\/dikey-sutlukler\/\" class=\"category-link wd-fill\" aria-label=\"\u00dcr\u00fcn Kategorileri dikey-sutlukler\"><\/a>\n\t\t\t<\/div>\n<\/div>\t\t\t\t\t\t\t\t\t\t\t<div class=\" col-md-3 col-sm-4 col-6 category-grid-item cat-design-replace-title product-category product\" data-loop=\"7\">\n\t<div class=\"wrapp-category\">\n\t\t<div class=\"category-image-wrapp\">\n\t\t\t<a href=\"http:\/\/pro.prosogutma.com\/index.php\/urun-kategori\/dikey-dondurucular\/\" class=\"category-image\">\n\t\t\t\t\n\t\t\t\t<img loading=\"lazy\" decoding=\"async\" src=\"http:\/\/pro.prosogutma.com\/wp-content\/uploads\/2022\/04\/dike-430x284.png\" alt=\"Dikey Dondurucular\" width=\"430\" height=\"430\" \/>\t\t\t<\/a>\n\t\t<\/div>\n\t\t<div class=\"hover-mask\">\n\t\t\t<h3 class=\"wd-entities-title\">\n\t\t\t\tDikey Dondurucular <mark class=\"count\">(2)<\/mark>\t\t\t<\/h3>\n\n\t\t\t\t\t\t\t<div class=\"more-products\"><a href=\"http:\/\/pro.prosogutma.com\/index.php\/urun-kategori\/dikey-dondurucular\/\">2 products<\/a><\/div>\n\t\t\t\n\t\t\t\t\t<\/div>\n\n\t\t\t\t<a href=\"http:\/\/pro.prosogutma.com\/index.php\/urun-kategori\/dikey-dondurucular\/\" class=\"category-link wd-fill\" aria-label=\"\u00dcr\u00fcn Kategorileri dikey-dondurucular\"><\/a>\n\t\t\t<\/div>\n<\/div>\t\t\t\t\t\t\t\t\t\t\t<div class=\" col-md-3 col-sm-4 col-6 last  category-grid-item cat-design-replace-title product-category product last\" data-loop=\"8\">\n\t<div class=\"wrapp-category\">\n\t\t<div class=\"category-image-wrapp\">\n\t\t\t<a href=\"http:\/\/pro.prosogutma.com\/index.php\/urun-kategori\/butik\/\" class=\"category-image\">\n\t\t\t\t\n\t\t\t\t<img loading=\"lazy\" decoding=\"async\" src=\"http:\/\/pro.prosogutma.com\/wp-content\/uploads\/2022\/04\/bo-430x291.png\" alt=\"Butik\" width=\"430\" height=\"430\" \/>\t\t\t<\/a>\n\t\t<\/div>\n\t\t<div class=\"hover-mask\">\n\t\t\t<h3 class=\"wd-entities-title\">\n\t\t\t\tButik <mark class=\"count\">(20)<\/mark>\t\t\t<\/h3>\n\n\t\t\t\t\t\t\t<div class=\"more-products\"><a href=\"http:\/\/pro.prosogutma.com\/index.php\/urun-kategori\/butik\/\">20 products<\/a><\/div>\n\t\t\t\n\t\t\t\t\t<\/div>\n\n\t\t\t\t<a href=\"http:\/\/pro.prosogutma.com\/index.php\/urun-kategori\/butik\/\" class=\"category-link wd-fill\" aria-label=\"\u00dcr\u00fcn Kategorileri butik\"><\/a>\n\t\t\t<\/div>\n<\/div>\t\t\t\t\t\t\t\t\t<\/div>\n\t\t\t\t\t\t\t\t\t<\/div>\n\t\t\t\t<\/div>\n\t\t\t\t\t<\/div>\n\t\t<\/div>\n\t\t\t\t\t\t\t<\/div>\n\t\t<\/section>\n\t\t\t\t\t\t\t<\/div>\n\t\t","protected":false},"excerpt":{"rendered":"<p>Ada Tipi Dondurucular (1) 1 product Dikey S\u00fctl\u00fckler (3) 3 products<\/p>\n","protected":false},"author":1,"featured_media":0,"parent":0,"menu_order":0,"comment_status":"closed","ping_status":"closed","template":"","meta":{"footnotes":""},"class_list":["post-8768","page","type-page","status-publish","hentry"],"_links":{"self":[{"href":"http:\/\/pro.prosogutma.com\/index.php\/wp-json\/wp\/v2\/pages\/8768","targetHints":{"allow":["GET"]}}],"collection":[{"href":"http:\/\/pro.prosogutma.com\/index.php\/wp-json\/wp\/v2\/pages"}],"about":[{"href":"http:\/\/pro.prosogutma.com\/index.php\/wp-json\/wp\/v2\/types\/page"}],"author":[{"embeddable":true,"href":"http:\/\/pro.prosogutma.com\/index.php\/wp-json\/wp\/v2\/users\/1"}],"replies":[{"embeddable":true,"href":"http:\/\/pro.prosogutma.com\/index.php\/wp-json\/wp\/v2\/comments?post=8768"}],"version-history":[{"count":4,"href":"http:\/\/pro.prosogutma.com\/index.php\/wp-json\/wp\/v2\/pages\/8768\/revisions"}],"predecessor-version":[{"id":8773,"href":"http:\/\/pro.prosogutma.com\/index.php\/wp-json\/wp\/v2\/pages\/8768\/revisions\/8773"}],"wp:attachment":[{"href":"http:\/\/pro.prosogutma.com\/index.php\/wp-json\/wp\/v2\/media?parent=8768"}],"curies":[{"name":"wp","href":"https:\/\/api.w.org\/{rel}","templated":true}]}}